{"id":535,"date":"2025-01-16T11:41:20","date_gmt":"2025-01-16T10:41:20","guid":{"rendered":"https:\/\/gmc-arredi.it\/?page_id=535"},"modified":"2025-01-21T12:44:53","modified_gmt":"2025-01-21T11:44:53","slug":"clienti-soddisfatti","status":"publish","type":"page","link":"https:\/\/gmc-arredi.it\/?page_id=535","title":{"rendered":"Clienti Soddisfatti"},"content":{"rendered":"\t\t<div data-elementor-type=\"wp-page\" data-elementor-id=\"535\" class=\"elementor elementor-535\" data-elementor-post-type=\"page\">\n\t\t\t\t<div class=\"elementor-element elementor-element-cb848d1 e-flex e-con-boxed e-con e-parent\" data-id=\"cb848d1\" data-element_type=\"container\" data-e-type=\"container\">\n\t\t\t\t\t<div class=\"e-con-inner\">\n\t\t\t\t<div class=\"elementor-element elementor-element-6bce3da elementor-widget elementor-widget-heading\" data-id=\"6bce3da\" data-element_type=\"widget\" data-e-type=\"widget\" data-widget_type=\"heading.default\">\n\t\t\t\t<div class=\"elementor-widget-container\">\n\t\t\t\t\t<h2 class=\"elementor-heading-title elementor-size-default\">G<span style=\"color:#bc0023;font-size:72px\">.<\/span>MC Arredi<\/h2>\t\t\t\t<\/div>\n\t\t\t\t<\/div>\n\t\t\t\t<div class=\"elementor-element elementor-element-a35a8f8 elementor-widget elementor-widget-heading\" data-id=\"a35a8f8\" data-element_type=\"widget\" data-e-type=\"widget\" data-widget_type=\"heading.default\">\n\t\t\t\t<div class=\"elementor-widget-container\">\n\t\t\t\t\t<h2 class=\"elementor-heading-title elementor-size-default\">Salotti: Comfort e Design per il Tuo Relax\n\n\n<\/h2>\t\t\t\t<\/div>\n\t\t\t\t<\/div>\n\t\t\t\t<div class=\"elementor-element elementor-element-4709fc4 elementor-widget elementor-widget-text-editor\" data-id=\"4709fc4\" data-element_type=\"widget\" data-e-type=\"widget\" data-widget_type=\"text-editor.default\">\n\t\t\t\t<div class=\"elementor-widget-container\">\n\t\t\t\t\t\t\t\t\t<p>Per noi di <strong>G.MC Arredi<\/strong>, la soddisfazione dei nostri clienti \u00e8 la vera misura del successo. Ogni progetto realizzato porta con s\u00e9 storie uniche di ambienti trasformati e sogni d&#8217;arredo diventati realt\u00e0.<\/p><p>Sfoglia la nostra galleria e scopri i sorrisi dei nostri clienti, accompagnati dalle immagini degli spazi che abbiamo avuto il piacere di arredare con cura e passione.<\/p><p>Grazie a tutti coloro che ci hanno scelto e ci hanno permesso di creare insieme qualcosa di speciale!<\/p>\t\t\t\t\t\t\t\t<\/div>\n\t\t\t\t<\/div>\n\t\t\t\t<div class=\"elementor-element elementor-element-9d01773 elementor-widget elementor-widget-heading\" data-id=\"9d01773\" data-element_type=\"widget\" data-e-type=\"widget\" data-widget_type=\"heading.default\">\n\t\t\t\t<div class=\"elementor-widget-container\">\n\t\t\t\t\t<h2 class=\"elementor-heading-title elementor-size-default\">Il prossimo potresti essere tu!\n\n<\/h2>\t\t\t\t<\/div>\n\t\t\t\t<\/div>\n\t\t\t\t<div class=\"elementor-element elementor-element-70e8428 elementor-widget elementor-widget-gallery\" data-id=\"70e8428\" data-element_type=\"widget\" data-e-type=\"widget\" data-settings=\"{&quot;aspect_ratio&quot;:&quot;1:1&quot;,&quot;lazyload&quot;:&quot;yes&quot;,&quot;gallery_layout&quot;:&quot;grid&quot;,&quot;columns&quot;:4,&quot;columns_tablet&quot;:2,&quot;columns_mobile&quot;:1,&quot;gap&quot;:{&quot;unit&quot;:&quot;px&quot;,&quot;size&quot;:10,&quot;sizes&quot;:[]},&quot;gap_tablet&quot;:{&quot;unit&quot;:&quot;px&quot;,&quot;size&quot;:10,&quot;sizes&quot;:[]},&quot;gap_mobile&quot;:{&quot;unit&quot;:&quot;px&quot;,&quot;size&quot;:10,&quot;sizes&quot;:[]},&quot;link_to&quot;:&quot;file&quot;,&quot;overlay_background&quot;:&quot;yes&quot;,&quot;content_hover_animation&quot;:&quot;fade-in&quot;}\" data-widget_type=\"gallery.default\">\n\t\t\t\t<div class=\"elementor-widget-container\">\n\t\t\t\t\t\t\t<div class=\"elementor-gallery__container\">\n\t\t\t\t\t\t\t<a class=\"e-gallery-item elementor-gallery-item elementor-animated-content\" href=\"https:\/\/gmc-arredi.it\/wp-content\/uploads\/2025\/01\/468714609_1125359272927935_1387612900555693780_n.jpeg\" data-elementor-open-lightbox=\"yes\" data-elementor-lightbox-slideshow=\"70e8428\" data-elementor-lightbox-title=\"468714609_1125359272927935_1387612900555693780_n\" data-e-action-hash=\"#elementor-action%3Aaction%3Dlightbox%26settings%3DeyJpZCI6NjcyLCJ1cmwiOiJodHRwczpcL1wvZ21jLWFycmVkaS5pdFwvd3AtY29udGVudFwvdXBsb2Fkc1wvMjAyNVwvMDFcLzQ2ODcxNDYwOV8xMTI1MzU5MjcyOTI3OTM1XzEzODc2MTI5MDA1NTU2OTM3ODBfbi5qcGVnIiwic2xpZGVzaG93IjoiNzBlODQyOCJ9\">\n\t\t\t\t\t<div class=\"e-gallery-image elementor-gallery-item__image\" data-thumbnail=\"https:\/\/gmc-arredi.it\/wp-content\/uploads\/2025\/01\/468714609_1125359272927935_1387612900555693780_n.jpeg\" data-width=\"1536\" data-height=\"2048\" aria-label=\"\" role=\"img\" ><\/div>\n\t\t\t\t\t\t\t\t\t\t\t<div class=\"elementor-gallery-item__overlay\"><\/div>\n\t\t\t\t\t\t\t\t\t\t\t\t\t\t<\/a>\n\t\t\t\t\t\t\t<a class=\"e-gallery-item elementor-gallery-item elementor-animated-content\" href=\"https:\/\/gmc-arredi.it\/wp-content\/uploads\/2025\/01\/470149916_1138967614900434_6041323633809663755_n.jpeg\" data-elementor-open-lightbox=\"yes\" data-elementor-lightbox-slideshow=\"70e8428\" data-elementor-lightbox-title=\"470149916_1138967614900434_6041323633809663755_n\" data-e-action-hash=\"#elementor-action%3Aaction%3Dlightbox%26settings%3DeyJpZCI6NjczLCJ1cmwiOiJodHRwczpcL1wvZ21jLWFycmVkaS5pdFwvd3AtY29udGVudFwvdXBsb2Fkc1wvMjAyNVwvMDFcLzQ3MDE0OTkxNl8xMTM4OTY3NjE0OTAwNDM0XzYwNDEzMjM2MzM4MDk2NjM3NTVfbi5qcGVnIiwic2xpZGVzaG93IjoiNzBlODQyOCJ9\">\n\t\t\t\t\t<div class=\"e-gallery-image elementor-gallery-item__image\" data-thumbnail=\"https:\/\/gmc-arredi.it\/wp-content\/uploads\/2025\/01\/470149916_1138967614900434_6041323633809663755_n.jpeg\" data-width=\"2048\" data-height=\"1536\" aria-label=\"\" role=\"img\" ><\/div>\n\t\t\t\t\t\t\t\t\t\t\t<div class=\"elementor-gallery-item__overlay\"><\/div>\n\t\t\t\t\t\t\t\t\t\t\t\t\t\t<\/a>\n\t\t\t\t\t\t\t<a class=\"e-gallery-item elementor-gallery-item elementor-animated-content\" href=\"https:\/\/gmc-arredi.it\/wp-content\/uploads\/2025\/01\/470149925_1138967544900441_2012672206732379640_n.jpeg\" data-elementor-open-lightbox=\"yes\" data-elementor-lightbox-slideshow=\"70e8428\" data-elementor-lightbox-title=\"470149925_1138967544900441_2012672206732379640_n\" data-e-action-hash=\"#elementor-action%3Aaction%3Dlightbox%26settings%3DeyJpZCI6Njc0LCJ1cmwiOiJodHRwczpcL1wvZ21jLWFycmVkaS5pdFwvd3AtY29udGVudFwvdXBsb2Fkc1wvMjAyNVwvMDFcLzQ3MDE0OTkyNV8xMTM4OTY3NTQ0OTAwNDQxXzIwMTI2NzIyMDY3MzIzNzk2NDBfbi5qcGVnIiwic2xpZGVzaG93IjoiNzBlODQyOCJ9\">\n\t\t\t\t\t<div class=\"e-gallery-image elementor-gallery-item__image\" data-thumbnail=\"https:\/\/gmc-arredi.it\/wp-content\/uploads\/2025\/01\/470149925_1138967544900441_2012672206732379640_n.jpeg\" data-width=\"1536\" data-height=\"2048\" aria-label=\"\" role=\"img\" ><\/div>\n\t\t\t\t\t\t\t\t\t\t\t<div class=\"elementor-gallery-item__overlay\"><\/div>\n\t\t\t\t\t\t\t\t\t\t\t\t\t\t<\/a>\n\t\t\t\t\t\t\t<a class=\"e-gallery-item elementor-gallery-item elementor-animated-content\" href=\"https:\/\/gmc-arredi.it\/wp-content\/uploads\/2025\/01\/470182401_1138967564900439_7522961211219272733_n.jpeg\" data-elementor-open-lightbox=\"yes\" data-elementor-lightbox-slideshow=\"70e8428\" data-elementor-lightbox-title=\"470182401_1138967564900439_7522961211219272733_n\" data-e-action-hash=\"#elementor-action%3Aaction%3Dlightbox%26settings%3DeyJpZCI6Njc1LCJ1cmwiOiJodHRwczpcL1wvZ21jLWFycmVkaS5pdFwvd3AtY29udGVudFwvdXBsb2Fkc1wvMjAyNVwvMDFcLzQ3MDE4MjQwMV8xMTM4OTY3NTY0OTAwNDM5Xzc1MjI5NjEyMTEyMTkyNzI3MzNfbi5qcGVnIiwic2xpZGVzaG93IjoiNzBlODQyOCJ9\">\n\t\t\t\t\t<div class=\"e-gallery-image elementor-gallery-item__image\" data-thumbnail=\"https:\/\/gmc-arredi.it\/wp-content\/uploads\/2025\/01\/470182401_1138967564900439_7522961211219272733_n.jpeg\" data-width=\"2048\" data-height=\"1536\" aria-label=\"\" role=\"img\" ><\/div>\n\t\t\t\t\t\t\t\t\t\t\t<div class=\"elementor-gallery-item__overlay\"><\/div>\n\t\t\t\t\t\t\t\t\t\t\t\t\t\t<\/a>\n\t\t\t\t\t\t\t<a class=\"e-gallery-item elementor-gallery-item elementor-animated-content\" href=\"https:\/\/gmc-arredi.it\/wp-content\/uploads\/2025\/01\/470212754_1138967501567112_5864388838487232898_n.jpeg\" data-elementor-open-lightbox=\"yes\" data-elementor-lightbox-slideshow=\"70e8428\" data-elementor-lightbox-title=\"470212754_1138967501567112_5864388838487232898_n\" data-e-action-hash=\"#elementor-action%3Aaction%3Dlightbox%26settings%3DeyJpZCI6Njc2LCJ1cmwiOiJodHRwczpcL1wvZ21jLWFycmVkaS5pdFwvd3AtY29udGVudFwvdXBsb2Fkc1wvMjAyNVwvMDFcLzQ3MDIxMjc1NF8xMTM4OTY3NTAxNTY3MTEyXzU4NjQzODg4Mzg0ODcyMzI4OThfbi5qcGVnIiwic2xpZGVzaG93IjoiNzBlODQyOCJ9\">\n\t\t\t\t\t<div class=\"e-gallery-image elementor-gallery-item__image\" data-thumbnail=\"https:\/\/gmc-arredi.it\/wp-content\/uploads\/2025\/01\/470212754_1138967501567112_5864388838487232898_n.jpeg\" data-width=\"1536\" data-height=\"2048\" aria-label=\"\" role=\"img\" ><\/div>\n\t\t\t\t\t\t\t\t\t\t\t<div class=\"elementor-gallery-item__overlay\"><\/div>\n\t\t\t\t\t\t\t\t\t\t\t\t\t\t<\/a>\n\t\t\t\t\t\t\t<a class=\"e-gallery-item elementor-gallery-item elementor-animated-content\" href=\"https:\/\/gmc-arredi.it\/wp-content\/uploads\/2025\/01\/470214600_1138967581567104_6639693888824814906_n.jpeg\" data-elementor-open-lightbox=\"yes\" data-elementor-lightbox-slideshow=\"70e8428\" data-elementor-lightbox-title=\"470214600_1138967581567104_6639693888824814906_n\" data-e-action-hash=\"#elementor-action%3Aaction%3Dlightbox%26settings%3DeyJpZCI6Njc3LCJ1cmwiOiJodHRwczpcL1wvZ21jLWFycmVkaS5pdFwvd3AtY29udGVudFwvdXBsb2Fkc1wvMjAyNVwvMDFcLzQ3MDIxNDYwMF8xMTM4OTY3NTgxNTY3MTA0XzY2Mzk2OTM4ODg4MjQ4MTQ5MDZfbi5qcGVnIiwic2xpZGVzaG93IjoiNzBlODQyOCJ9\">\n\t\t\t\t\t<div class=\"e-gallery-image elementor-gallery-item__image\" data-thumbnail=\"https:\/\/gmc-arredi.it\/wp-content\/uploads\/2025\/01\/470214600_1138967581567104_6639693888824814906_n.jpeg\" data-width=\"1536\" data-height=\"2048\" aria-label=\"\" role=\"img\" ><\/div>\n\t\t\t\t\t\t\t\t\t\t\t<div class=\"elementor-gallery-item__overlay\"><\/div>\n\t\t\t\t\t\t\t\t\t\t\t\t\t\t<\/a>\n\t\t\t\t\t\t\t<a class=\"e-gallery-item elementor-gallery-item elementor-animated-content\" href=\"https:\/\/gmc-arredi.it\/wp-content\/uploads\/2025\/01\/470221355_1138967661567096_9131129219176761086_n.jpeg\" data-elementor-open-lightbox=\"yes\" data-elementor-lightbox-slideshow=\"70e8428\" data-elementor-lightbox-title=\"470221355_1138967661567096_9131129219176761086_n\" data-e-action-hash=\"#elementor-action%3Aaction%3Dlightbox%26settings%3DeyJpZCI6Njc4LCJ1cmwiOiJodHRwczpcL1wvZ21jLWFycmVkaS5pdFwvd3AtY29udGVudFwvdXBsb2Fkc1wvMjAyNVwvMDFcLzQ3MDIyMTM1NV8xMTM4OTY3NjYxNTY3MDk2XzkxMzExMjkyMTkxNzY3NjEwODZfbi5qcGVnIiwic2xpZGVzaG93IjoiNzBlODQyOCJ9\">\n\t\t\t\t\t<div class=\"e-gallery-image elementor-gallery-item__image\" data-thumbnail=\"https:\/\/gmc-arredi.it\/wp-content\/uploads\/2025\/01\/470221355_1138967661567096_9131129219176761086_n.jpeg\" data-width=\"2048\" data-height=\"1536\" aria-label=\"\" role=\"img\" ><\/div>\n\t\t\t\t\t\t\t\t\t\t\t<div class=\"elementor-gallery-item__overlay\"><\/div>\n\t\t\t\t\t\t\t\t\t\t\t\t\t\t<\/a>\n\t\t\t\t\t\t\t<a class=\"e-gallery-item elementor-gallery-item elementor-animated-content\" href=\"https:\/\/gmc-arredi.it\/wp-content\/uploads\/2025\/01\/470222832_1138967531567109_7043838984246092654_n.jpeg\" data-elementor-open-lightbox=\"yes\" data-elementor-lightbox-slideshow=\"70e8428\" data-elementor-lightbox-title=\"470222832_1138967531567109_7043838984246092654_n\" data-e-action-hash=\"#elementor-action%3Aaction%3Dlightbox%26settings%3DeyJpZCI6Njc5LCJ1cmwiOiJodHRwczpcL1wvZ21jLWFycmVkaS5pdFwvd3AtY29udGVudFwvdXBsb2Fkc1wvMjAyNVwvMDFcLzQ3MDIyMjgzMl8xMTM4OTY3NTMxNTY3MTA5XzcwNDM4Mzg5ODQyNDYwOTI2NTRfbi5qcGVnIiwic2xpZGVzaG93IjoiNzBlODQyOCJ9\">\n\t\t\t\t\t<div class=\"e-gallery-image elementor-gallery-item__image\" data-thumbnail=\"https:\/\/gmc-arredi.it\/wp-content\/uploads\/2025\/01\/470222832_1138967531567109_7043838984246092654_n.jpeg\" data-width=\"2048\" data-height=\"1536\" aria-label=\"\" role=\"img\" ><\/div>\n\t\t\t\t\t\t\t\t\t\t\t<div class=\"elementor-gallery-item__overlay\"><\/div>\n\t\t\t\t\t\t\t\t\t\t\t\t\t\t<\/a>\n\t\t\t\t\t\t\t<a class=\"e-gallery-item elementor-gallery-item elementor-animated-content\" href=\"https:\/\/gmc-arredi.it\/wp-content\/uploads\/2025\/01\/470566269_1138967604900435_9049603541227879248_n.jpeg\" data-elementor-open-lightbox=\"yes\" data-elementor-lightbox-slideshow=\"70e8428\" data-elementor-lightbox-title=\"470566269_1138967604900435_9049603541227879248_n\" data-e-action-hash=\"#elementor-action%3Aaction%3Dlightbox%26settings%3DeyJpZCI6NjgwLCJ1cmwiOiJodHRwczpcL1wvZ21jLWFycmVkaS5pdFwvd3AtY29udGVudFwvdXBsb2Fkc1wvMjAyNVwvMDFcLzQ3MDU2NjI2OV8xMTM4OTY3NjA0OTAwNDM1XzkwNDk2MDM1NDEyMjc4NzkyNDhfbi5qcGVnIiwic2xpZGVzaG93IjoiNzBlODQyOCJ9\">\n\t\t\t\t\t<div class=\"e-gallery-image elementor-gallery-item__image\" data-thumbnail=\"https:\/\/gmc-arredi.it\/wp-content\/uploads\/2025\/01\/470566269_1138967604900435_9049603541227879248_n.jpeg\" data-width=\"2048\" data-height=\"1536\" aria-label=\"\" role=\"img\" ><\/div>\n\t\t\t\t\t\t\t\t\t\t\t<div class=\"elementor-gallery-item__overlay\"><\/div>\n\t\t\t\t\t\t\t\t\t\t\t\t\t\t<\/a>\n\t\t\t\t\t\t\t<a class=\"e-gallery-item elementor-gallery-item elementor-animated-content\" href=\"https:\/\/gmc-arredi.it\/wp-content\/uploads\/2025\/01\/470567915_1138967698233759_3024831647621004355_n.jpeg\" data-elementor-open-lightbox=\"yes\" data-elementor-lightbox-slideshow=\"70e8428\" data-elementor-lightbox-title=\"470567915_1138967698233759_3024831647621004355_n\" data-e-action-hash=\"#elementor-action%3Aaction%3Dlightbox%26settings%3DeyJpZCI6NjgxLCJ1cmwiOiJodHRwczpcL1wvZ21jLWFycmVkaS5pdFwvd3AtY29udGVudFwvdXBsb2Fkc1wvMjAyNVwvMDFcLzQ3MDU2NzkxNV8xMTM4OTY3Njk4MjMzNzU5XzMwMjQ4MzE2NDc2MjEwMDQzNTVfbi5qcGVnIiwic2xpZGVzaG93IjoiNzBlODQyOCJ9\">\n\t\t\t\t\t<div class=\"e-gallery-image elementor-gallery-item__image\" data-thumbnail=\"https:\/\/gmc-arredi.it\/wp-content\/uploads\/2025\/01\/470567915_1138967698233759_3024831647621004355_n.jpeg\" data-width=\"1536\" data-height=\"2048\" aria-label=\"\" role=\"img\" ><\/div>\n\t\t\t\t\t\t\t\t\t\t\t<div class=\"elementor-gallery-item__overlay\"><\/div>\n\t\t\t\t\t\t\t\t\t\t\t\t\t\t<\/a>\n\t\t\t\t\t\t\t<a class=\"e-gallery-item elementor-gallery-item elementor-animated-content\" href=\"https:\/\/gmc-arredi.it\/wp-content\/uploads\/2025\/01\/470588486_1138967644900431_640656436413375701_n.jpeg\" data-elementor-open-lightbox=\"yes\" data-elementor-lightbox-slideshow=\"70e8428\" data-elementor-lightbox-title=\"470588486_1138967644900431_640656436413375701_n\" data-e-action-hash=\"#elementor-action%3Aaction%3Dlightbox%26settings%3DeyJpZCI6NjgyLCJ1cmwiOiJodHRwczpcL1wvZ21jLWFycmVkaS5pdFwvd3AtY29udGVudFwvdXBsb2Fkc1wvMjAyNVwvMDFcLzQ3MDU4ODQ4Nl8xMTM4OTY3NjQ0OTAwNDMxXzY0MDY1NjQzNjQxMzM3NTcwMV9uLmpwZWciLCJzbGlkZXNob3ciOiI3MGU4NDI4In0%3D\">\n\t\t\t\t\t<div class=\"e-gallery-image elementor-gallery-item__image\" data-thumbnail=\"https:\/\/gmc-arredi.it\/wp-content\/uploads\/2025\/01\/470588486_1138967644900431_640656436413375701_n.jpeg\" data-width=\"2048\" data-height=\"1536\" aria-label=\"\" role=\"img\" ><\/div>\n\t\t\t\t\t\t\t\t\t\t\t<div class=\"elementor-gallery-item__overlay\"><\/div>\n\t\t\t\t\t\t\t\t\t\t\t\t\t\t<\/a>\n\t\t\t\t\t<\/div>\n\t\t\t\t\t<\/div>\n\t\t\t\t<\/div>\n\t\t\t\t\t<\/div>\n\t\t\t\t<\/div>\n\t\t\t\t<\/div>\n\t\t","protected":false},"excerpt":{"rendered":"<p>G.MC Arredi Salotti: Comfort e Design per il Tuo Relax Per noi di G.MC Arredi, la soddisfazione dei nostri clienti \u00e8 la vera misura del successo. Ogni progetto realizzato porta con s\u00e9 storie uniche di ambienti trasformati e sogni d&#8217;arredo diventati realt\u00e0. Sfoglia la nostra galleria e scopri i sorrisi dei nostri clienti, accompagnati dalle [&hellip;]<\/p>\n","protected":false},"author":2,"featured_media":0,"parent":0,"menu_order":0,"comment_status":"closed","ping_status":"closed","template":"","meta":{"footnotes":""},"class_list":["post-535","page","type-page","status-publish","hentry"],"yoast_head":"<!-- This site is optimized with the Yoast SEO plugin v26.7 - https:\/\/yoast.com\/wordpress\/plugins\/seo\/ -->\n<title>Clienti Soddisfatti - GMC<\/title>\n<meta name=\"robots\" content=\"index, follow, max-snippet:-1, max-image-preview:large, max-video-preview:-1\" \/>\n<link rel=\"canonical\" href=\"https:\/\/gmc-arredi.it\/?page_id=535\" \/>\n<meta property=\"og:locale\" content=\"it_IT\" \/>\n<meta property=\"og:type\" content=\"article\" \/>\n<meta property=\"og:title\" content=\"Clienti Soddisfatti - GMC\" \/>\n<meta property=\"og:description\" content=\"G.MC Arredi Salotti: Comfort e Design per il Tuo Relax Per noi di G.MC Arredi, la soddisfazione dei nostri clienti \u00e8 la vera misura del successo. Ogni progetto realizzato porta con s\u00e9 storie uniche di ambienti trasformati e sogni d&#8217;arredo diventati realt\u00e0. Sfoglia la nostra galleria e scopri i sorrisi dei nostri clienti, accompagnati dalle [&hellip;]\" \/>\n<meta property=\"og:url\" content=\"https:\/\/gmc-arredi.it\/?page_id=535\" \/>\n<meta property=\"og:site_name\" content=\"GMC\" \/>\n<meta property=\"article:modified_time\" content=\"2025-01-21T11:44:53+00:00\" \/>\n<meta name=\"twitter:card\" content=\"summary_large_image\" \/>\n<meta name=\"twitter:label1\" content=\"Tempo di lettura stimato\" \/>\n\t<meta name=\"twitter:data1\" content=\"1 minuto\" \/>\n<script type=\"application\/ld+json\" class=\"yoast-schema-graph\">{\"@context\":\"https:\/\/schema.org\",\"@graph\":[{\"@type\":\"WebPage\",\"@id\":\"https:\/\/gmc-arredi.it\/?page_id=535\",\"url\":\"https:\/\/gmc-arredi.it\/?page_id=535\",\"name\":\"Clienti Soddisfatti - GMC\",\"isPartOf\":{\"@id\":\"https:\/\/gmc-arredi.it\/#website\"},\"datePublished\":\"2025-01-16T10:41:20+00:00\",\"dateModified\":\"2025-01-21T11:44:53+00:00\",\"breadcrumb\":{\"@id\":\"https:\/\/gmc-arredi.it\/?page_id=535#breadcrumb\"},\"inLanguage\":\"it-IT\",\"potentialAction\":[{\"@type\":\"ReadAction\",\"target\":[\"https:\/\/gmc-arredi.it\/?page_id=535\"]}]},{\"@type\":\"BreadcrumbList\",\"@id\":\"https:\/\/gmc-arredi.it\/?page_id=535#breadcrumb\",\"itemListElement\":[{\"@type\":\"ListItem\",\"position\":1,\"name\":\"Home\",\"item\":\"https:\/\/gmc-arredi.it\/\"},{\"@type\":\"ListItem\",\"position\":2,\"name\":\"Clienti Soddisfatti\"}]},{\"@type\":\"WebSite\",\"@id\":\"https:\/\/gmc-arredi.it\/#website\",\"url\":\"https:\/\/gmc-arredi.it\/\",\"name\":\"GMC\",\"description\":\"Arredi a Palermo\",\"publisher\":{\"@id\":\"https:\/\/gmc-arredi.it\/#organization\"},\"potentialAction\":[{\"@type\":\"SearchAction\",\"target\":{\"@type\":\"EntryPoint\",\"urlTemplate\":\"https:\/\/gmc-arredi.it\/?s={search_term_string}\"},\"query-input\":{\"@type\":\"PropertyValueSpecification\",\"valueRequired\":true,\"valueName\":\"search_term_string\"}}],\"inLanguage\":\"it-IT\"},{\"@type\":\"Organization\",\"@id\":\"https:\/\/gmc-arredi.it\/#organization\",\"name\":\"GMC\",\"url\":\"https:\/\/gmc-arredi.it\/\",\"logo\":{\"@type\":\"ImageObject\",\"inLanguage\":\"it-IT\",\"@id\":\"https:\/\/gmc-arredi.it\/#\/schema\/logo\/image\/\",\"url\":\"https:\/\/gmc-arredi.it\/wp-content\/uploads\/2024\/11\/gmc-logo_Tavola-disegno-1.svg\",\"contentUrl\":\"https:\/\/gmc-arredi.it\/wp-content\/uploads\/2024\/11\/gmc-logo_Tavola-disegno-1.svg\",\"width\":153,\"height\":100,\"caption\":\"GMC\"},\"image\":{\"@id\":\"https:\/\/gmc-arredi.it\/#\/schema\/logo\/image\/\"}}]}<\/script>\n<!-- \/ Yoast SEO plugin. -->","yoast_head_json":{"title":"Clienti Soddisfatti - GMC","robots":{"index":"index","follow":"follow","max-snippet":"max-snippet:-1","max-image-preview":"max-image-preview:large","max-video-preview":"max-video-preview:-1"},"canonical":"https:\/\/gmc-arredi.it\/?page_id=535","og_locale":"it_IT","og_type":"article","og_title":"Clienti Soddisfatti - GMC","og_description":"G.MC Arredi Salotti: Comfort e Design per il Tuo Relax Per noi di G.MC Arredi, la soddisfazione dei nostri clienti \u00e8 la vera misura del successo. Ogni progetto realizzato porta con s\u00e9 storie uniche di ambienti trasformati e sogni d&#8217;arredo diventati realt\u00e0. Sfoglia la nostra galleria e scopri i sorrisi dei nostri clienti, accompagnati dalle [&hellip;]","og_url":"https:\/\/gmc-arredi.it\/?page_id=535","og_site_name":"GMC","article_modified_time":"2025-01-21T11:44:53+00:00","twitter_card":"summary_large_image","twitter_misc":{"Tempo di lettura stimato":"1 minuto"},"schema":{"@context":"https:\/\/schema.org","@graph":[{"@type":"WebPage","@id":"https:\/\/gmc-arredi.it\/?page_id=535","url":"https:\/\/gmc-arredi.it\/?page_id=535","name":"Clienti Soddisfatti - GMC","isPartOf":{"@id":"https:\/\/gmc-arredi.it\/#website"},"datePublished":"2025-01-16T10:41:20+00:00","dateModified":"2025-01-21T11:44:53+00:00","breadcrumb":{"@id":"https:\/\/gmc-arredi.it\/?page_id=535#breadcrumb"},"inLanguage":"it-IT","potentialAction":[{"@type":"ReadAction","target":["https:\/\/gmc-arredi.it\/?page_id=535"]}]},{"@type":"BreadcrumbList","@id":"https:\/\/gmc-arredi.it\/?page_id=535#breadcrumb","itemListElement":[{"@type":"ListItem","position":1,"name":"Home","item":"https:\/\/gmc-arredi.it\/"},{"@type":"ListItem","position":2,"name":"Clienti Soddisfatti"}]},{"@type":"WebSite","@id":"https:\/\/gmc-arredi.it\/#website","url":"https:\/\/gmc-arredi.it\/","name":"GMC","description":"Arredi a Palermo","publisher":{"@id":"https:\/\/gmc-arredi.it\/#organization"},"potentialAction":[{"@type":"SearchAction","target":{"@type":"EntryPoint","urlTemplate":"https:\/\/gmc-arredi.it\/?s={search_term_string}"},"query-input":{"@type":"PropertyValueSpecification","valueRequired":true,"valueName":"search_term_string"}}],"inLanguage":"it-IT"},{"@type":"Organization","@id":"https:\/\/gmc-arredi.it\/#organization","name":"GMC","url":"https:\/\/gmc-arredi.it\/","logo":{"@type":"ImageObject","inLanguage":"it-IT","@id":"https:\/\/gmc-arredi.it\/#\/schema\/logo\/image\/","url":"https:\/\/gmc-arredi.it\/wp-content\/uploads\/2024\/11\/gmc-logo_Tavola-disegno-1.svg","contentUrl":"https:\/\/gmc-arredi.it\/wp-content\/uploads\/2024\/11\/gmc-logo_Tavola-disegno-1.svg","width":153,"height":100,"caption":"GMC"},"image":{"@id":"https:\/\/gmc-arredi.it\/#\/schema\/logo\/image\/"}}]}},"_links":{"self":[{"href":"https:\/\/gmc-arredi.it\/index.php?rest_route=\/wp\/v2\/pages\/535","targetHints":{"allow":["GET"]}}],"collection":[{"href":"https:\/\/gmc-arredi.it\/index.php?rest_route=\/wp\/v2\/pages"}],"about":[{"href":"https:\/\/gmc-arredi.it\/index.php?rest_route=\/wp\/v2\/types\/page"}],"author":[{"embeddable":true,"href":"https:\/\/gmc-arredi.it\/index.php?rest_route=\/wp\/v2\/users\/2"}],"replies":[{"embeddable":true,"href":"https:\/\/gmc-arredi.it\/index.php?rest_route=%2Fwp%2Fv2%2Fcomments&post=535"}],"version-history":[{"count":4,"href":"https:\/\/gmc-arredi.it\/index.php?rest_route=\/wp\/v2\/pages\/535\/revisions"}],"predecessor-version":[{"id":685,"href":"https:\/\/gmc-arredi.it\/index.php?rest_route=\/wp\/v2\/pages\/535\/revisions\/685"}],"wp:attachment":[{"href":"https:\/\/gmc-arredi.it\/index.php?rest_route=%2Fwp%2Fv2%2Fmedia&parent=535"}],"curies":[{"name":"wp","href":"https:\/\/api.w.org\/{rel}","templated":true}]}}